{"id":14,"date":"2026-04-28T16:16:14","date_gmt":"2026-04-28T16:16:14","guid":{"rendered":"https:\/\/elmmultiformas.rkinformatika.online\/?page_id=14"},"modified":"2026-05-04T15:26:18","modified_gmt":"2026-05-04T15:26:18","slug":"servicios","status":"publish","type":"page","link":"https:\/\/elmmultiformas.com\/eu\/servicios\/","title":{"rendered":"Zerbitzuak"},"content":{"rendered":"<div data-elementor-type=\"wp-page\" data-elementor-id=\"14\" class=\"elementor elementor-14\" data-elementor-post-type=\"page\">\n\t\t\t\t<div class=\"elementor-element elementor-element-3422dab e-flex e-con-boxed e-con e-parent\" data-id=\"3422dab\" data-element_type=\"container\" data-e-type=\"container\" data-settings=\"{&quot;background_background&quot;:&quot;classic&quot;}\">\n\t\t\t\t\t<div class=\"e-con-inner\">\n\t\t\t\t<div class=\"elementor-element elementor-element-f6ce4df elementor-widget elementor-widget-text-editor\" data-id=\"f6ce4df\" data-element_type=\"widget\" data-e-type=\"widget\" data-widget_type=\"text-editor.default\">\n\t\t\t\t\t\t\t\t\t<p data-start=\"221\" data-end=\"300\">Transformamos tus ideas en resultados reales.<\/p>\t\t\t\t\t\t\t\t<\/div>\n\t\t\t\t\t<\/div>\n\t\t\t\t<\/div>\n\t\t<div class=\"elementor-element elementor-element-8ce073b e-flex e-con-boxed e-con e-parent\" data-id=\"8ce073b\" data-element_type=\"container\" data-e-type=\"container\">\n\t\t\t\t\t<div class=\"e-con-inner\">\n\t\t<div class=\"elementor-element elementor-element-a082a16 e-con-full e-flex e-con e-child\" data-id=\"a082a16\" data-element_type=\"container\" data-e-type=\"container\">\n\t\t<div class=\"elementor-element elementor-element-afe7c83 e-con-full e-flex e-con e-child\" data-id=\"afe7c83\" data-element_type=\"container\" data-e-type=\"container\" data-settings=\"{&quot;background_background&quot;:&quot;classic&quot;}\">\n\t\t<div class=\"elementor-element elementor-element-bbb9dae e-con-full e-flex e-con e-child\" data-id=\"bbb9dae\" data-element_type=\"container\" data-e-type=\"container\" data-settings=\"{&quot;background_background&quot;:&quot;classic&quot;}\">\n\t\t\t\t<\/div>\n\t\t<div class=\"elementor-element elementor-element-1b14939 e-con-full e-flex e-con e-child\" data-id=\"1b14939\" data-element_type=\"container\" data-e-type=\"container\" data-settings=\"{&quot;background_background&quot;:&quot;classic&quot;}\">\n\t\t\t\t<div class=\"elementor-element elementor-element-eb3af2f elementor-widget elementor-widget-heading\" data-id=\"eb3af2f\" data-element_type=\"widget\" data-e-type=\"widget\" data-widget_type=\"heading.default\">\n\t\t\t\t\t<h2 class=\"elementor-heading-title elementor-size-default\">Instalaci\u00f3n de suelos<\/h2>\t\t\t\t<\/div>\n\t\t\t\t<div class=\"elementor-element elementor-element-a1b3206 elementor-widget elementor-widget-text-editor\" data-id=\"a1b3206\" data-element_type=\"widget\" data-e-type=\"widget\" data-widget_type=\"text-editor.default\">\n\t\t\t\t\t\t\t\t\t<p data-start=\"118\" data-end=\"261\">Ofrecemos la instalaci\u00f3n de todo tipo de suelos, adapt\u00e1ndonos a las necesidades de cada espacio para garantizar un acabado duradero y est\u00e9tico.<\/p><ul data-start=\"263\" data-end=\"428\"><li data-start=\"263\" data-end=\"320\">Colocaci\u00f3n de suelos laminados, vin\u00edlicos y de madera<\/li><li data-start=\"321\" data-end=\"364\">Nivelaci\u00f3n y preparaci\u00f3n de superficies<\/li><li data-start=\"365\" data-end=\"428\">Acabados resistentes, f\u00e1ciles de mantener y de alta calidad<\/li><\/ul>\t\t\t\t\t\t\t\t<\/div>\n\t\t\t\t<\/div>\n\t\t\t\t<\/div>\n\t\t<div class=\"elementor-element elementor-element-6c91739 e-con-full e-flex e-con e-child\" data-id=\"6c91739\" data-element_type=\"container\" data-e-type=\"container\" data-settings=\"{&quot;background_background&quot;:&quot;classic&quot;}\">\n\t\t<div class=\"elementor-element elementor-element-3e81fad e-con-full e-flex e-con e-child\" data-id=\"3e81fad\" data-element_type=\"container\" data-e-type=\"container\" data-settings=\"{&quot;background_background&quot;:&quot;classic&quot;}\">\n\t\t\t\t<\/div>\n\t\t<div class=\"elementor-element elementor-element-d4cf05e e-con-full e-flex e-con e-child\" data-id=\"d4cf05e\" data-element_type=\"container\" data-e-type=\"container\">\n\t\t\t\t<div class=\"elementor-element elementor-element-ffc743c elementor-widget elementor-widget-heading\" data-id=\"ffc743c\" data-element_type=\"widget\" data-e-type=\"widget\" data-widget_type=\"heading.default\">\n\t\t\t\t\t<h2 class=\"elementor-heading-title elementor-size-default\">Montaje de puertas y armarios<\/h2>\t\t\t\t<\/div>\n\t\t\t\t<div class=\"elementor-element elementor-element-9bf1bf1 elementor-widget elementor-widget-text-editor\" data-id=\"9bf1bf1\" data-element_type=\"widget\" data-e-type=\"widget\" data-widget_type=\"text-editor.default\">\n\t\t\t\t\t\t\t\t\t<p data-start=\"472\" data-end=\"616\">Realizamos instalaci\u00f3n y renovaci\u00f3n de puertas y armarios, cuidando cada detalle para mejorar tanto la funcionalidad como el dise\u00f1o de tu hogar.<\/p><ul data-start=\"618\" data-end=\"770\"><li data-start=\"618\" data-end=\"668\">Instalaci\u00f3n de puertas interiores y de entrada<\/li><li data-start=\"669\" data-end=\"714\">Montaje de armarios empotrados y a medida<\/li><li data-start=\"715\" data-end=\"770\">Ajustes precisos para un cierre perfecto y duradero<\/li><\/ul>\t\t\t\t\t\t\t\t<\/div>\n\t\t\t\t<\/div>\n\t\t\t\t<\/div>\n\t\t<div class=\"elementor-element elementor-element-9a02028 e-con-full e-flex e-con e-child\" data-id=\"9a02028\" data-element_type=\"container\" data-e-type=\"container\" data-settings=\"{&quot;background_background&quot;:&quot;classic&quot;}\">\n\t\t<div class=\"elementor-element elementor-element-dd5c50d e-con-full e-flex e-con e-child\" data-id=\"dd5c50d\" data-element_type=\"container\" data-e-type=\"container\" data-settings=\"{&quot;background_background&quot;:&quot;classic&quot;}\">\n\t\t\t\t<\/div>\n\t\t<div class=\"elementor-element elementor-element-5bf679d e-con-full e-flex e-con e-child\" data-id=\"5bf679d\" data-element_type=\"container\" data-e-type=\"container\">\n\t\t\t\t<div class=\"elementor-element elementor-element-2e14376 elementor-widget elementor-widget-heading\" data-id=\"2e14376\" data-element_type=\"widget\" data-e-type=\"widget\" data-widget_type=\"heading.default\">\n\t\t\t\t\t<h2 class=\"elementor-heading-title elementor-size-default\">Reformas de cocinas y ba\u00f1os<\/h2>\t\t\t\t<\/div>\n\t\t\t\t<div class=\"elementor-element elementor-element-2768c06 elementor-widget elementor-widget-text-editor\" data-id=\"2768c06\" data-element_type=\"widget\" data-e-type=\"widget\" data-widget_type=\"text-editor.default\">\n\t\t\t\t\t\t\t\t\t<p data-start=\"813\" data-end=\"937\">Transformamos tus espacios m\u00e1s importantes con reformas completas, combinando dise\u00f1o, calidad y aprovechamiento del espacio.<\/p><ul data-start=\"939\" data-end=\"1103\"><li data-start=\"939\" data-end=\"985\">Dise\u00f1o personalizado seg\u00fan tus necesidades<\/li><li data-start=\"986\" data-end=\"1037\">Instalaci\u00f3n de muebles, suelos y revestimientos<\/li><li data-start=\"1038\" data-end=\"1103\">Coordinaci\u00f3n de todos los trabajos para un resultado integral<\/li><\/ul>\t\t\t\t\t\t\t\t<\/div>\n\t\t\t\t<\/div>\n\t\t\t\t<\/div>\n\t\t\t\t<\/div>\n\t\t\t\t\t<\/div>\n\t\t\t\t<\/div>\n\t\t<div class=\"elementor-element elementor-element-913372a e-con-full e-flex e-con e-parent\" data-id=\"913372a\" data-element_type=\"container\" data-e-type=\"container\" data-settings=\"{&quot;background_background&quot;:&quot;classic&quot;}\">\n\t\t<div class=\"elementor-element elementor-element-540362a e-con-full e-flex e-con e-child\" data-id=\"540362a\" data-element_type=\"container\" data-e-type=\"container\" data-settings=\"{&quot;background_background&quot;:&quot;classic&quot;}\">\n\t\t\t\t<div class=\"elementor-element elementor-element-bdfeca6 elementor-widget elementor-widget-heading\" data-id=\"bdfeca6\" data-element_type=\"widget\" data-e-type=\"widget\" data-widget_type=\"heading.default\">\n\t\t\t\t\t<h2 class=\"elementor-heading-title elementor-size-default\">Tu reforma empieza aqu\u00ed<\/h2>\t\t\t\t<\/div>\n\t\t\t\t<div class=\"elementor-element elementor-element-268a5bc elementor-widget elementor-widget-text-editor\" data-id=\"268a5bc\" data-element_type=\"widget\" data-e-type=\"widget\" data-widget_type=\"text-editor.default\">\n\t\t\t\t\t\t\t\t\t<p data-start=\"2107\" data-end=\"2303\">Escr\u00edbenos y dale forma a lo que tienes en mente.<\/p>\t\t\t\t\t\t\t\t<\/div>\n\t\t\t\t<div class=\"elementor-element elementor-element-c67c53d elementor-tablet-align-center elementor-mobile-align-center elementor-widget elementor-widget-button\" data-id=\"c67c53d\" data-element_type=\"widget\" data-e-type=\"widget\" data-widget_type=\"button.default\">\n\t\t\t\t\t\t\t\t\t\t<a class=\"elementor-button elementor-button-link elementor-size-sm\" href=\"tel:%20+34%20632%20844%20081\">\n\t\t\t\t\t\t<span class=\"elementor-button-content-wrapper\">\n\t\t\t\t\t\t\t\t\t<span class=\"elementor-button-text\">Jarri harremanetan orain<\/span>\n\t\t\t\t\t<\/span>\n\t\t\t\t\t<\/a>\n\t\t\t\t\t\t\t\t<\/div>\n\t\t\t\t<\/div>\n\t\t\t\t<\/div>\n\t\t<div class=\"elementor-element elementor-element-0e0da37 e-flex e-con-boxed e-con e-parent\" data-id=\"0e0da37\" data-element_type=\"container\" data-e-type=\"container\">\n\t\t\t\t\t<div class=\"e-con-inner\">\n\t\t\t\t\t<\/div>\n\t\t\t\t<\/div>\n\t\t\t\t<\/div>","protected":false},"excerpt":{"rendered":"<p>Transformamos tus ideas en resultados reales. Instalaci\u00f3n de suelos Ofrecemos la instalaci\u00f3n de todo tipo de suelos, adapt\u00e1ndonos a las necesidades de cada espacio para garantizar un acabado duradero y est\u00e9tico. Colocaci\u00f3n de suelos laminados, vin\u00edlicos y de madera Nivelaci\u00f3n y preparaci\u00f3n de superficies Acabados resistentes, f\u00e1ciles de mantener y de alta calidad Montaje de [&hellip;]<\/p>\n","protected":false},"author":1,"featured_media":0,"parent":0,"menu_order":0,"comment_status":"closed","ping_status":"closed","template":"elementor_canvas","meta":{"footnotes":""},"class_list":["post-14","page","type-page","status-publish","hentry"],"yoast_head":"<!-- This site is optimized with the Yoast SEO plugin v27.5 - https:\/\/yoast.com\/product\/yoast-seo-wordpress\/ -->\n<title>Servicios - ELM Multiformas<\/title>\n<meta name=\"robots\" content=\"index, follow, max-snippet:-1, max-image-preview:large, max-video-preview:-1\" \/>\n<link rel=\"canonical\" href=\"https:\/\/elmmultiformas.com\/eu\/servicios\/\" \/>\n<meta property=\"og:locale\" content=\"en_US\" \/>\n<meta property=\"og:type\" content=\"article\" \/>\n<meta property=\"og:title\" content=\"Servicios - ELM Multiformas\" \/>\n<meta property=\"og:description\" content=\"Transformamos tus ideas en resultados reales. Instalaci\u00f3n de suelos Ofrecemos la instalaci\u00f3n de todo tipo de suelos, adapt\u00e1ndonos a las necesidades de cada espacio para garantizar un acabado duradero y est\u00e9tico. Colocaci\u00f3n de suelos laminados, vin\u00edlicos y de madera Nivelaci\u00f3n y preparaci\u00f3n de superficies Acabados resistentes, f\u00e1ciles de mantener y de alta calidad Montaje de [&hellip;]\" \/>\n<meta property=\"og:url\" content=\"https:\/\/elmmultiformas.com\/eu\/servicios\/\" \/>\n<meta property=\"og:site_name\" content=\"ELM Multiformas\" \/>\n<meta property=\"article:modified_time\" content=\"2026-05-04T15:26:18+00:00\" \/>\n<meta name=\"twitter:card\" content=\"summary_large_image\" \/>\n<meta name=\"twitter:label1\" content=\"Est. reading time\" \/>\n\t<meta name=\"twitter:data1\" content=\"1 minutua\" \/>\n<script type=\"application\/ld+json\" class=\"yoast-schema-graph\">{\"@context\":\"https:\\\/\\\/schema.org\",\"@graph\":[{\"@type\":\"WebPage\",\"@id\":\"https:\\\/\\\/elmmultiformas.com\\\/servicios\\\/\",\"url\":\"https:\\\/\\\/elmmultiformas.com\\\/servicios\\\/\",\"name\":\"Servicios - ELM Multiformas\",\"isPartOf\":{\"@id\":\"https:\\\/\\\/elmmultiformas.com\\\/#website\"},\"datePublished\":\"2026-04-28T16:16:14+00:00\",\"dateModified\":\"2026-05-04T15:26:18+00:00\",\"breadcrumb\":{\"@id\":\"https:\\\/\\\/elmmultiformas.com\\\/servicios\\\/#breadcrumb\"},\"inLanguage\":\"eu\",\"potentialAction\":[{\"@type\":\"ReadAction\",\"target\":[\"https:\\\/\\\/elmmultiformas.com\\\/servicios\\\/\"]}]},{\"@type\":\"BreadcrumbList\",\"@id\":\"https:\\\/\\\/elmmultiformas.com\\\/servicios\\\/#breadcrumb\",\"itemListElement\":[{\"@type\":\"ListItem\",\"position\":1,\"name\":\"Portada\",\"item\":\"https:\\\/\\\/elmmultiformas.com\\\/\"},{\"@type\":\"ListItem\",\"position\":2,\"name\":\"Servicios\"}]},{\"@type\":\"WebSite\",\"@id\":\"https:\\\/\\\/elmmultiformas.com\\\/#website\",\"url\":\"https:\\\/\\\/elmmultiformas.com\\\/\",\"name\":\"ELM Multiformas\",\"description\":\"\",\"publisher\":{\"@id\":\"https:\\\/\\\/elmmultiformas.com\\\/#organization\"},\"potentialAction\":[{\"@type\":\"SearchAction\",\"target\":{\"@type\":\"EntryPoint\",\"urlTemplate\":\"https:\\\/\\\/elmmultiformas.com\\\/?s={search_term_string}\"},\"query-input\":{\"@type\":\"PropertyValueSpecification\",\"valueRequired\":true,\"valueName\":\"search_term_string\"}}],\"inLanguage\":\"eu\"},{\"@type\":\"Organization\",\"@id\":\"https:\\\/\\\/elmmultiformas.com\\\/#organization\",\"name\":\"ELM Multiformas\",\"url\":\"https:\\\/\\\/elmmultiformas.com\\\/\",\"logo\":{\"@type\":\"ImageObject\",\"inLanguage\":\"eu\",\"@id\":\"https:\\\/\\\/elmmultiformas.com\\\/#\\\/schema\\\/logo\\\/image\\\/\",\"url\":\"https:\\\/\\\/elmmultiformas.com\\\/wp-content\\\/uploads\\\/2026\\\/05\\\/angelestebancolman202603_logo_web-scaled.png\",\"contentUrl\":\"https:\\\/\\\/elmmultiformas.com\\\/wp-content\\\/uploads\\\/2026\\\/05\\\/angelestebancolman202603_logo_web-scaled.png\",\"width\":2560,\"height\":2103,\"caption\":\"ELM Multiformas\"},\"image\":{\"@id\":\"https:\\\/\\\/elmmultiformas.com\\\/#\\\/schema\\\/logo\\\/image\\\/\"}}]}<\/script>\n<!-- \/ Yoast SEO plugin. -->","yoast_head_json":{"title":"Servicios - ELM Multiformas","robots":{"index":"index","follow":"follow","max-snippet":"max-snippet:-1","max-image-preview":"max-image-preview:large","max-video-preview":"max-video-preview:-1"},"canonical":"https:\/\/elmmultiformas.com\/eu\/servicios\/","og_locale":"en_US","og_type":"article","og_title":"Servicios - ELM Multiformas","og_description":"Transformamos tus ideas en resultados reales. Instalaci\u00f3n de suelos Ofrecemos la instalaci\u00f3n de todo tipo de suelos, adapt\u00e1ndonos a las necesidades de cada espacio para garantizar un acabado duradero y est\u00e9tico. Colocaci\u00f3n de suelos laminados, vin\u00edlicos y de madera Nivelaci\u00f3n y preparaci\u00f3n de superficies Acabados resistentes, f\u00e1ciles de mantener y de alta calidad Montaje de [&hellip;]","og_url":"https:\/\/elmmultiformas.com\/eu\/servicios\/","og_site_name":"ELM Multiformas","article_modified_time":"2026-05-04T15:26:18+00:00","twitter_card":"summary_large_image","twitter_misc":{"Est. reading time":"1 minutua"},"schema":{"@context":"https:\/\/schema.org","@graph":[{"@type":"WebPage","@id":"https:\/\/elmmultiformas.com\/servicios\/","url":"https:\/\/elmmultiformas.com\/servicios\/","name":"Servicios - ELM Multiformas","isPartOf":{"@id":"https:\/\/elmmultiformas.com\/#website"},"datePublished":"2026-04-28T16:16:14+00:00","dateModified":"2026-05-04T15:26:18+00:00","breadcrumb":{"@id":"https:\/\/elmmultiformas.com\/servicios\/#breadcrumb"},"inLanguage":"eu","potentialAction":[{"@type":"ReadAction","target":["https:\/\/elmmultiformas.com\/servicios\/"]}]},{"@type":"BreadcrumbList","@id":"https:\/\/elmmultiformas.com\/servicios\/#breadcrumb","itemListElement":[{"@type":"ListItem","position":1,"name":"Portada","item":"https:\/\/elmmultiformas.com\/"},{"@type":"ListItem","position":2,"name":"Servicios"}]},{"@type":"WebSite","@id":"https:\/\/elmmultiformas.com\/#website","url":"https:\/\/elmmultiformas.com\/","name":"ELM Multiformas","description":"","publisher":{"@id":"https:\/\/elmmultiformas.com\/#organization"},"potentialAction":[{"@type":"SearchAction","target":{"@type":"EntryPoint","urlTemplate":"https:\/\/elmmultiformas.com\/?s={search_term_string}"},"query-input":{"@type":"PropertyValueSpecification","valueRequired":true,"valueName":"search_term_string"}}],"inLanguage":"eu"},{"@type":"Organization","@id":"https:\/\/elmmultiformas.com\/#organization","name":"ELM Multiformas","url":"https:\/\/elmmultiformas.com\/","logo":{"@type":"ImageObject","inLanguage":"eu","@id":"https:\/\/elmmultiformas.com\/#\/schema\/logo\/image\/","url":"https:\/\/elmmultiformas.com\/wp-content\/uploads\/2026\/05\/angelestebancolman202603_logo_web-scaled.png","contentUrl":"https:\/\/elmmultiformas.com\/wp-content\/uploads\/2026\/05\/angelestebancolman202603_logo_web-scaled.png","width":2560,"height":2103,"caption":"ELM Multiformas"},"image":{"@id":"https:\/\/elmmultiformas.com\/#\/schema\/logo\/image\/"}}]}},"_links":{"self":[{"href":"https:\/\/elmmultiformas.com\/eu\/wp-json\/wp\/v2\/pages\/14","targetHints":{"allow":["GET"]}}],"collection":[{"href":"https:\/\/elmmultiformas.com\/eu\/wp-json\/wp\/v2\/pages"}],"about":[{"href":"https:\/\/elmmultiformas.com\/eu\/wp-json\/wp\/v2\/types\/page"}],"author":[{"embeddable":true,"href":"https:\/\/elmmultiformas.com\/eu\/wp-json\/wp\/v2\/users\/1"}],"replies":[{"embeddable":true,"href":"https:\/\/elmmultiformas.com\/eu\/wp-json\/wp\/v2\/comments?post=14"}],"version-history":[{"count":100,"href":"https:\/\/elmmultiformas.com\/eu\/wp-json\/wp\/v2\/pages\/14\/revisions"}],"predecessor-version":[{"id":230,"href":"https:\/\/elmmultiformas.com\/eu\/wp-json\/wp\/v2\/pages\/14\/revisions\/230"}],"wp:attachment":[{"href":"https:\/\/elmmultiformas.com\/eu\/wp-json\/wp\/v2\/media?parent=14"}],"curies":[{"name":"wp","href":"https:\/\/api.w.org\/{rel}","templated":true}]}}